{"id":1422,"date":"2021-11-18T11:43:34","date_gmt":"2021-11-18T11:43:34","guid":{"rendered":"https:\/\/www.gdsystem.net\/novetats\/"},"modified":"2022-11-06T09:31:43","modified_gmt":"2022-11-06T09:31:43","slug":"novetats","status":"publish","type":"page","link":"https:\/\/www.gdsystem.net\/ca\/novetats\/","title":{"rendered":"Novetats"},"content":{"rendered":"\t\t<div data-elementor-type=\"wp-page\" data-elementor-id=\"1422\" class=\"elementor elementor-1422 elementor-390\" data-elementor-post-type=\"page\">\n\t\t\t\t\t\t<section class=\"elementor-section elementor-top-section elementor-element elementor-element-5bce932d elementor-section-boxed elementor-section-height-default elementor-section-height-default\" data-id=\"5bce932d\" data-element_type=\"section\" data-settings=\"{&quot;background_background&quot;:&quot;classic&quot;}\">\n\t\t\t\t\t\t<div class=\"elementor-container elementor-column-gap-default\">\n\t\t\t\t\t<div class=\"elementor-column elementor-col-100 elementor-top-column elementor-element elementor-element-1273a228\" data-id=\"1273a228\" data-element_type=\"column\">\n\t\t\t<div class=\"elementor-widget-wrap elementor-element-populated\">\n\t\t\t\t\t\t<section class=\"elementor-section elementor-inner-section elementor-element elementor-element-6a09e7ad elementor-section-boxed elementor-section-height-default elementor-section-height-default\" data-id=\"6a09e7ad\" data-element_type=\"section\">\n\t\t\t\t\t\t<div class=\"elementor-container elementor-column-gap-default\">\n\t\t\t\t\t<div class=\"elementor-column elementor-col-100 elementor-inner-column elementor-element elementor-element-3879cfb8\" data-id=\"3879cfb8\" data-element_type=\"column\">\n\t\t\t<div class=\"elementor-widget-wrap elementor-element-populated\">\n\t\t\t\t\t\t<div class=\"elementor-element elementor-element-364c8708 elementor-widget elementor-widget-text-editor\" data-id=\"364c8708\" data-element_type=\"widget\" data-widget_type=\"text-editor.default\">\n\t\t\t\t<div class=\"elementor-widget-container\">\n\t\t\t\t\t\t\t\t\t<p><span style=\"white-space: pre-wrap;\">Novetats del m\u00f3n GDS<\/span><\/p>\n\t\t\t\t\t\t\t\t<\/div>\n\t\t\t\t<\/div>\n\t\t\t\t<div class=\"elementor-element elementor-element-38e43e39 elementor-widget elementor-widget-text-editor\" data-id=\"38e43e39\" data-element_type=\"widget\" data-widget_type=\"text-editor.default\">\n\t\t\t\t<div class=\"elementor-widget-container\">\n\t\t\t\t\t\t\t\t\t<p>Aqu\u00ed trobareu totes les novetats del GDS. Des de not\u00edcies, noves versions, notificacions, aix\u00ed com els nostres v\u00eddeo tutorials del canal de YouTube. Mantent al dia!<\/p>\n\t\t\t\t\t\t\t\t<\/div>\n\t\t\t\t<\/div>\n\t\t\t\t\t<\/div>\n\t\t<\/div>\n\t\t\t\t\t<\/div>\n\t\t<\/section>\n\t\t\t\t\t<\/div>\n\t\t<\/div>\n\t\t\t\t\t<\/div>\n\t\t<\/section>\n\t\t\t\t<section class=\"elementor-section elementor-top-section elementor-element elementor-element-70986eb elementor-section-boxed elementor-section-height-default elementor-section-height-default\" data-id=\"70986eb\" data-element_type=\"section\">\n\t\t\t\t\t\t<div class=\"elementor-container elementor-column-gap-default\">\n\t\t\t\t\t<div class=\"elementor-column elementor-col-100 elementor-top-column elementor-element elementor-element-04fdc0f\" data-id=\"04fdc0f\" data-element_type=\"column\">\n\t\t\t<div class=\"elementor-widget-wrap elementor-element-populated\">\n\t\t\t\t\t\t<div class=\"elementor-element elementor-element-faf9071 elementor-grid-3 elementor-grid-tablet-2 elementor-grid-mobile-1 elementor-posts--thumbnail-top elementor-widget elementor-widget-posts\" data-id=\"faf9071\" data-element_type=\"widget\" data-settings=\"{&quot;classic_columns&quot;:&quot;3&quot;,&quot;classic_columns_tablet&quot;:&quot;2&quot;,&quot;classic_columns_mobile&quot;:&quot;1&quot;,&quot;classic_row_gap&quot;:{&quot;unit&quot;:&quot;px&quot;,&quot;size&quot;:35,&quot;sizes&quot;:[]},&quot;classic_row_gap_tablet&quot;:{&quot;unit&quot;:&quot;px&quot;,&quot;size&quot;:&quot;&quot;,&quot;sizes&quot;:[]},&quot;classic_row_gap_mobile&quot;:{&quot;unit&quot;:&quot;px&quot;,&quot;size&quot;:&quot;&quot;,&quot;sizes&quot;:[]}}\" data-widget_type=\"posts.classic\">\n\t\t\t\t<div class=\"elementor-widget-container\">\n\t\t\t\t\t\t\t<div class=\"elementor-posts-container elementor-posts elementor-posts--skin-classic elementor-grid\" role=\"list\">\n\t\t\t\t<article class=\"elementor-post elementor-grid-item post-1398 post type-post status-publish format-standard has-post-thumbnail hentry category-uncategorized-ca entry\" role=\"listitem\">\n\t\t\t\t<a class=\"elementor-post__thumbnail__link\" href=\"https:\/\/www.gdsystem.net\/ca\/nova-web-del-gds\/\" tabindex=\"-1\" >\n\t\t\t<div class=\"elementor-post__thumbnail\"><img decoding=\"async\" width=\"150\" height=\"73\" src=\"https:\/\/www.gdsystem.net\/wp-content\/uploads\/2022\/07\/web-gds.png\" class=\"attachment-thumbnail size-thumbnail wp-image-1295\" alt=\"\" style=\"width:100%;height:48.75%;max-width:2880px\" \/><\/div>\n\t\t<\/a>\n\t\t\t\t<div class=\"elementor-post__text\">\n\t\t\t\t<h3 class=\"elementor-post__title\">\n\t\t\t<a href=\"https:\/\/www.gdsystem.net\/ca\/nova-web-del-gds\/\" >\n\t\t\t\tNova Web del GDS\t\t\t<\/a>\n\t\t<\/h3>\n\t\t\t\t<div class=\"elementor-post__excerpt\">\n\t\t\t<p>Despr\u00e9s de molts anys amb la nostra web, hem fet un nou pas per tal de millorar la Web del GDS. No oblidis asseure&#8217;t, posar-te<\/p>\n\t\t<\/div>\n\t\t\n\t\t<a class=\"elementor-post__read-more\" href=\"https:\/\/www.gdsystem.net\/ca\/nova-web-del-gds\/\" aria-label=\"Read more about Nova Web del GDS\" tabindex=\"-1\" >\n\t\t\tLlegir m\u00e9s \u00bb\t\t<\/a>\n\n\t\t\t\t<\/div>\n\t\t\t\t<\/article>\n\t\t\t\t<article class=\"elementor-post elementor-grid-item post-1402 post type-post status-publish format-standard has-post-thumbnail hentry category-uncategorized-ca entry\" role=\"listitem\">\n\t\t\t\t<a class=\"elementor-post__thumbnail__link\" href=\"https:\/\/www.gdsystem.net\/ca\/nova-versio-8-0-32-del-gds\/\" tabindex=\"-1\" >\n\t\t\t<div class=\"elementor-post__thumbnail\"><img decoding=\"async\" width=\"150\" height=\"103\" src=\"https:\/\/www.gdsystem.net\/wp-content\/uploads\/2022\/07\/Asignar-Padres.png\" class=\"attachment-thumbnail size-thumbnail wp-image-1302\" alt=\"\" style=\"width:100%;height:68.48%;max-width:1031px\" \/><\/div>\n\t\t<\/a>\n\t\t\t\t<div class=\"elementor-post__text\">\n\t\t\t\t<h3 class=\"elementor-post__title\">\n\t\t\t<a href=\"https:\/\/www.gdsystem.net\/ca\/nova-versio-8-0-32-del-gds\/\" >\n\t\t\t\tNova versi\u00f3 8.0.32 del GDS\t\t\t<\/a>\n\t\t<\/h3>\n\t\t\t\t<div class=\"elementor-post__excerpt\">\n\t\t\t<p>Anunciem la publicaci\u00f3 de la Versi\u00f3 8.0.32 del GDS amb algunes millores interessants. Per primera vegada s&#8217;ha afegit la definici\u00f3 del tipus de fam\u00edlia a<\/p>\n\t\t<\/div>\n\t\t\n\t\t<a class=\"elementor-post__read-more\" href=\"https:\/\/www.gdsystem.net\/ca\/nova-versio-8-0-32-del-gds\/\" aria-label=\"Read more about Nova versi\u00f3 8.0.32 del GDS\" tabindex=\"-1\" >\n\t\t\tLlegir m\u00e9s \u00bb\t\t<\/a>\n\n\t\t\t\t<\/div>\n\t\t\t\t<\/article>\n\t\t\t\t<article class=\"elementor-post elementor-grid-item post-1406 post type-post status-publish format-standard has-post-thumbnail hentry category-uncategorized-ca entry\" role=\"listitem\">\n\t\t\t\t<a class=\"elementor-post__thumbnail__link\" href=\"https:\/\/www.gdsystem.net\/ca\/300-subscriptors-al-canal-i-pujant\/\" tabindex=\"-1\" >\n\t\t\t<div class=\"elementor-post__thumbnail\"><img decoding=\"async\" width=\"150\" height=\"84\" src=\"https:\/\/www.gdsystem.net\/wp-content\/uploads\/2022\/07\/Bienvenido-al-canal-1920x1080-1.png\" class=\"attachment-thumbnail size-thumbnail wp-image-1285\" alt=\"\" style=\"width:100%;height:56.25%;max-width:1920px\" \/><\/div>\n\t\t<\/a>\n\t\t\t\t<div class=\"elementor-post__text\">\n\t\t\t\t<h3 class=\"elementor-post__title\">\n\t\t\t<a href=\"https:\/\/www.gdsystem.net\/ca\/300-subscriptors-al-canal-i-pujant\/\" >\n\t\t\t\t300 subscriptors al canal i pujant!\t\t\t<\/a>\n\t\t<\/h3>\n\t\t\t\t<div class=\"elementor-post__excerpt\">\n\t\t\t<p>Ja tenim m\u00e9s de 300 subscriptors i m\u00e9s de 300 hores de visualitzaci\u00f3 del nostre canal YouTube del GDS. A tots els nostres v\u00eddeos anem<\/p>\n\t\t<\/div>\n\t\t\n\t\t<a class=\"elementor-post__read-more\" href=\"https:\/\/www.gdsystem.net\/ca\/300-subscriptors-al-canal-i-pujant\/\" aria-label=\"Read more about 300 subscriptors al canal i pujant!\" tabindex=\"-1\" >\n\t\t\tLlegir m\u00e9s \u00bb\t\t<\/a>\n\n\t\t\t\t<\/div>\n\t\t\t\t<\/article>\n\t\t\t\t<\/div>\n\t\t\n\t\t\t\t\t\t<\/div>\n\t\t\t\t<\/div>\n\t\t\t\t\t<\/div>\n\t\t<\/div>\n\t\t\t\t\t<\/div>\n\t\t<\/section>\n\t\t\t\t<section class=\"elementor-section elementor-top-section elementor-element elementor-element-217c09c6 elementor-section-boxed elementor-section-height-default elementor-section-height-default\" data-id=\"217c09c6\" data-element_type=\"section\" data-settings=\"{&quot;background_background&quot;:&quot;classic&quot;}\">\n\t\t\t\t\t\t<div class=\"elementor-container elementor-column-gap-default\">\n\t\t\t\t\t<div class=\"elementor-column elementor-col-25 elementor-top-column elementor-element elementor-element-19fbc22e\" data-id=\"19fbc22e\" data-element_type=\"column\">\n\t\t\t<div class=\"elementor-widget-wrap elementor-element-populated\">\n\t\t\t\t\t\t<div class=\"elementor-element elementor-element-7444804c elementor-widget elementor-widget-theme-site-logo elementor-widget-image\" data-id=\"7444804c\" data-element_type=\"widget\" data-widget_type=\"theme-site-logo.default\">\n\t\t\t\t<div class=\"elementor-widget-container\">\n\t\t\t\t\t\t\t\t\t\t\t<a href=\"https:\/\/www.gdsystem.net\/ca\/\">\n\t\t\t<img loading=\"lazy\" decoding=\"async\" width=\"250\" height=\"162\" src=\"https:\/\/www.gdsystem.net\/wp-content\/uploads\/2021\/11\/Logo_GDS_Transparente.png\" class=\"attachment-1536x1536 size-1536x1536 wp-image-864\" alt=\"\" style=\"width:100%;height:64.8%;max-width:250px\" \/>\t\t\t\t<\/a>\n\t\t\t\t\t\t\t\t\t\t\t<\/div>\n\t\t\t\t<\/div>\n\t\t\t\t\t<\/div>\n\t\t<\/div>\n\t\t\t\t<div class=\"elementor-column elementor-col-25 elementor-top-column elementor-element elementor-element-64aff0f2\" data-id=\"64aff0f2\" data-element_type=\"column\">\n\t\t\t<div class=\"elementor-widget-wrap\">\n\t\t\t\t\t\t\t<\/div>\n\t\t<\/div>\n\t\t\t\t<div class=\"elementor-column elementor-col-25 elementor-top-column elementor-element elementor-element-11fde99c\" data-id=\"11fde99c\" data-element_type=\"column\">\n\t\t\t<div class=\"elementor-widget-wrap\">\n\t\t\t\t\t\t\t<\/div>\n\t\t<\/div>\n\t\t\t\t<div class=\"elementor-column elementor-col-25 elementor-top-column elementor-element elementor-element-2172405f\" data-id=\"2172405f\" data-element_type=\"column\">\n\t\t\t<div class=\"elementor-widget-wrap elementor-element-populated\">\n\t\t\t\t\t\t<div class=\"elementor-element elementor-element-3267b287 elementor-widget elementor-widget-heading\" data-id=\"3267b287\" data-element_type=\"widget\" data-widget_type=\"heading.default\">\n\t\t\t\t<div class=\"elementor-widget-container\">\n\t\t\t\t\t<h2 class=\"elementor-heading-title elementor-size-default\">GDS System<\/h2>\t\t\t\t<\/div>\n\t\t\t\t<\/div>\n\t\t\t\t<div class=\"elementor-element elementor-element-1792e025 elementor-align-left elementor-icon-list--layout-traditional elementor-list-item-link-full_width elementor-widget elementor-widget-icon-list\" data-id=\"1792e025\" data-element_type=\"widget\" data-widget_type=\"icon-list.default\">\n\t\t\t\t<div class=\"elementor-widget-container\">\n\t\t\t\t\t\t\t<ul class=\"elementor-icon-list-items\">\n\t\t\t\t\t\t\t<li class=\"elementor-icon-list-item\">\n\t\t\t\t\t\t\t\t\t\t\t<a href=\"https:\/\/www.gdsystem.net\/ca\/qui-som\/\">\n\n\t\t\t\t\t\t\t\t\t\t\t<span class=\"elementor-icon-list-text\">Qui Som<\/span>\n\t\t\t\t\t\t\t\t\t\t\t<\/a>\n\t\t\t\t\t\t\t\t\t<\/li>\n\t\t\t\t\t\t\t\t<li class=\"elementor-icon-list-item\">\n\t\t\t\t\t\t\t\t\t\t\t<a href=\"https:\/\/www.gdsystem.net\/ca\/descarregues\/\">\n\n\t\t\t\t\t\t\t\t\t\t\t<span class=\"elementor-icon-list-text\">Desc\u00e0rregues<\/span>\n\t\t\t\t\t\t\t\t\t\t\t<\/a>\n\t\t\t\t\t\t\t\t\t<\/li>\n\t\t\t\t\t\t\t\t<li class=\"elementor-icon-list-item\">\n\t\t\t\t\t\t\t\t\t\t\t<a href=\"https:\/\/www.gdsystem.net\/ca\/comprar\/\">\n\n\t\t\t\t\t\t\t\t\t\t\t<span class=\"elementor-icon-list-text\">Comprar<\/span>\n\t\t\t\t\t\t\t\t\t\t\t<\/a>\n\t\t\t\t\t\t\t\t\t<\/li>\n\t\t\t\t\t\t\t\t<li class=\"elementor-icon-list-item\">\n\t\t\t\t\t\t\t\t\t\t\t<a href=\"https:\/\/www.gdsystem.net\/ca\/novetats\/\">\n\n\t\t\t\t\t\t\t\t\t\t\t\t<span class=\"elementor-icon-list-icon\">\n\t\t\t\t\t\t\t<i aria-hidden=\"true\" class=\"fas fa-check\"><\/i>\t\t\t\t\t\t<\/span>\n\t\t\t\t\t\t\t\t\t\t<span class=\"elementor-icon-list-text\">Novetats<\/span>\n\t\t\t\t\t\t\t\t\t\t\t<\/a>\n\t\t\t\t\t\t\t\t\t<\/li>\n\t\t\t\t\t\t\t\t<li class=\"elementor-icon-list-item\">\n\t\t\t\t\t\t\t\t\t\t\t<a href=\"https:\/\/www.gdsystem.net\/ca\/contacte\/\">\n\n\t\t\t\t\t\t\t\t\t\t\t<span class=\"elementor-icon-list-text\">Contacte<\/span>\n\t\t\t\t\t\t\t\t\t\t\t<\/a>\n\t\t\t\t\t\t\t\t\t<\/li>\n\t\t\t\t\t\t\t\t<li class=\"elementor-icon-list-item\">\n\t\t\t\t\t\t\t\t\t\t\t<a href=\"https:\/\/youtu.be\/GmlCDsnPrnU\">\n\n\t\t\t\t\t\t\t\t\t\t\t<span class=\"elementor-icon-list-text\">Canal Youtube<\/span>\n\t\t\t\t\t\t\t\t\t\t\t<\/a>\n\t\t\t\t\t\t\t\t\t<\/li>\n\t\t\t\t\t\t<\/ul>\n\t\t\t\t\t\t<\/div>\n\t\t\t\t<\/div>\n\t\t\t\t<div class=\"elementor-element elementor-element-1fcf303a e-grid-align-left e-grid-align-mobile-left elementor-shape-rounded elementor-grid-0 elementor-widget elementor-widget-social-icons\" data-id=\"1fcf303a\" data-element_type=\"widget\" data-widget_type=\"social-icons.default\">\n\t\t\t\t<div class=\"elementor-widget-container\">\n\t\t\t\t\t\t\t<div class=\"elementor-social-icons-wrapper elementor-grid\">\n\t\t\t\t\t\t\t<span class=\"elementor-grid-item\">\n\t\t\t\t\t<a class=\"elementor-icon elementor-social-icon elementor-social-icon-youtube elementor-repeater-item-dbaeb71\" href=\"https:\/\/youtu.be\/GmlCDsnPrnU\" target=\"_blank\">\n\t\t\t\t\t\t<span class=\"elementor-screen-only\">Youtube<\/span>\n\t\t\t\t\t\t<i aria-hidden=\"true\" class=\"fab fa-youtube\"><\/i>\t\t\t\t\t<\/a>\n\t\t\t\t<\/span>\n\t\t\t\t\t<\/div>\n\t\t\t\t\t\t<\/div>\n\t\t\t\t<\/div>\n\t\t\t\t\t<\/div>\n\t\t<\/div>\n\t\t\t\t\t<\/div>\n\t\t<\/section>\n\t\t\t\t<\/div>\n\t\t","protected":false},"excerpt":{"rendered":"<p>Novetats del m\u00f3n GDS Aqu\u00ed trobareu totes les novetats del GDS. Des de not\u00edcies, noves versions, notificacions, aix\u00ed com els nostres v\u00eddeo tutorials del canal de YouTube. Mantent al dia! GDS System Qui Som Desc\u00e0rregues Comprar Novetats Contacte Canal Youtube Youtube<\/p>\n","protected":false},"author":1,"featured_media":0,"parent":0,"menu_order":0,"comment_status":"closed","ping_status":"closed","template":"elementor_header_footer","meta":{"footnotes":""},"class_list":["post-1422","page","type-page","status-publish","hentry","entry"],"yoast_head":"<!-- This site is optimized with the Yoast SEO plugin v26.6 - https:\/\/yoast.com\/wordpress\/plugins\/seo\/ -->\n<title>Novetats - GDS General Family Documentation System<\/title>\n<meta name=\"robots\" content=\"index, follow, max-snippet:-1, max-image-preview:large, max-video-preview:-1\" \/>\n<link rel=\"canonical\" href=\"https:\/\/www.gdsystem.net\/ca\/novetats\/\" \/>\n<meta property=\"og:locale\" content=\"ca_ES\" \/>\n<meta property=\"og:type\" content=\"article\" \/>\n<meta property=\"og:title\" content=\"Novetats - GDS General Family Documentation System\" \/>\n<meta property=\"og:description\" content=\"Novetats del m\u00f3n GDS Aqu\u00ed trobareu totes les novetats del GDS. Des de not\u00edcies, noves versions, notificacions, aix\u00ed com els nostres v\u00eddeo tutorials del canal de YouTube. Mantent al dia! GDS System Qui Som Desc\u00e0rregues Comprar Novetats Contacte Canal Youtube Youtube\" \/>\n<meta property=\"og:url\" content=\"https:\/\/www.gdsystem.net\/ca\/novetats\/\" \/>\n<meta property=\"og:site_name\" content=\"GDS General Family Documentation System\" \/>\n<meta property=\"article:modified_time\" content=\"2022-11-06T09:31:43+00:00\" \/>\n<meta name=\"twitter:card\" content=\"summary_large_image\" \/>\n<script type=\"application\/ld+json\" class=\"yoast-schema-graph\">{\"@context\":\"https:\/\/schema.org\",\"@graph\":[{\"@type\":\"WebPage\",\"@id\":\"https:\/\/www.gdsystem.net\/ca\/novetats\/\",\"url\":\"https:\/\/www.gdsystem.net\/ca\/novetats\/\",\"name\":\"Novetats - GDS General Family Documentation System\",\"isPartOf\":{\"@id\":\"https:\/\/www.gdsystem.net\/ca\/#website\"},\"datePublished\":\"2021-11-18T11:43:34+00:00\",\"dateModified\":\"2022-11-06T09:31:43+00:00\",\"breadcrumb\":{\"@id\":\"https:\/\/www.gdsystem.net\/ca\/novetats\/#breadcrumb\"},\"inLanguage\":\"ca\",\"potentialAction\":[{\"@type\":\"ReadAction\",\"target\":[\"https:\/\/www.gdsystem.net\/ca\/novetats\/\"]}]},{\"@type\":\"BreadcrumbList\",\"@id\":\"https:\/\/www.gdsystem.net\/ca\/novetats\/#breadcrumb\",\"itemListElement\":[{\"@type\":\"ListItem\",\"position\":1,\"name\":\"Home\",\"item\":\"https:\/\/www.gdsystem.net\/ca\/inici\/\"},{\"@type\":\"ListItem\",\"position\":2,\"name\":\"Novetats\"}]},{\"@type\":\"WebSite\",\"@id\":\"https:\/\/www.gdsystem.net\/ca\/#website\",\"url\":\"https:\/\/www.gdsystem.net\/ca\/\",\"name\":\"GDS General Family Documentation System\",\"description\":\"\",\"publisher\":{\"@id\":\"https:\/\/www.gdsystem.net\/ca\/#organization\"},\"potentialAction\":[{\"@type\":\"SearchAction\",\"target\":{\"@type\":\"EntryPoint\",\"urlTemplate\":\"https:\/\/www.gdsystem.net\/ca\/?s={search_term_string}\"},\"query-input\":{\"@type\":\"PropertyValueSpecification\",\"valueRequired\":true,\"valueName\":\"search_term_string\"}}],\"inLanguage\":\"ca\"},{\"@type\":\"Organization\",\"@id\":\"https:\/\/www.gdsystem.net\/ca\/#organization\",\"name\":\"GDS General Family Documentation System\",\"url\":\"https:\/\/www.gdsystem.net\/ca\/\",\"logo\":{\"@type\":\"ImageObject\",\"inLanguage\":\"ca\",\"@id\":\"https:\/\/www.gdsystem.net\/ca\/#\/schema\/logo\/image\/\",\"url\":\"https:\/\/www.gdsystem.net\/wp-content\/uploads\/2021\/11\/Logo_GDS_Transparente.png\",\"contentUrl\":\"https:\/\/www.gdsystem.net\/wp-content\/uploads\/2021\/11\/Logo_GDS_Transparente.png\",\"width\":250,\"height\":162,\"caption\":\"GDS General Family Documentation System\"},\"image\":{\"@id\":\"https:\/\/www.gdsystem.net\/ca\/#\/schema\/logo\/image\/\"}}]}<\/script>\n<!-- \/ Yoast SEO plugin. -->","yoast_head_json":{"title":"Novetats - GDS General Family Documentation System","robots":{"index":"index","follow":"follow","max-snippet":"max-snippet:-1","max-image-preview":"max-image-preview:large","max-video-preview":"max-video-preview:-1"},"canonical":"https:\/\/www.gdsystem.net\/ca\/novetats\/","og_locale":"ca_ES","og_type":"article","og_title":"Novetats - GDS General Family Documentation System","og_description":"Novetats del m\u00f3n GDS Aqu\u00ed trobareu totes les novetats del GDS. Des de not\u00edcies, noves versions, notificacions, aix\u00ed com els nostres v\u00eddeo tutorials del canal de YouTube. Mantent al dia! GDS System Qui Som Desc\u00e0rregues Comprar Novetats Contacte Canal Youtube Youtube","og_url":"https:\/\/www.gdsystem.net\/ca\/novetats\/","og_site_name":"GDS General Family Documentation System","article_modified_time":"2022-11-06T09:31:43+00:00","twitter_card":"summary_large_image","schema":{"@context":"https:\/\/schema.org","@graph":[{"@type":"WebPage","@id":"https:\/\/www.gdsystem.net\/ca\/novetats\/","url":"https:\/\/www.gdsystem.net\/ca\/novetats\/","name":"Novetats - GDS General Family Documentation System","isPartOf":{"@id":"https:\/\/www.gdsystem.net\/ca\/#website"},"datePublished":"2021-11-18T11:43:34+00:00","dateModified":"2022-11-06T09:31:43+00:00","breadcrumb":{"@id":"https:\/\/www.gdsystem.net\/ca\/novetats\/#breadcrumb"},"inLanguage":"ca","potentialAction":[{"@type":"ReadAction","target":["https:\/\/www.gdsystem.net\/ca\/novetats\/"]}]},{"@type":"BreadcrumbList","@id":"https:\/\/www.gdsystem.net\/ca\/novetats\/#breadcrumb","itemListElement":[{"@type":"ListItem","position":1,"name":"Home","item":"https:\/\/www.gdsystem.net\/ca\/inici\/"},{"@type":"ListItem","position":2,"name":"Novetats"}]},{"@type":"WebSite","@id":"https:\/\/www.gdsystem.net\/ca\/#website","url":"https:\/\/www.gdsystem.net\/ca\/","name":"GDS General Family Documentation System","description":"","publisher":{"@id":"https:\/\/www.gdsystem.net\/ca\/#organization"},"potentialAction":[{"@type":"SearchAction","target":{"@type":"EntryPoint","urlTemplate":"https:\/\/www.gdsystem.net\/ca\/?s={search_term_string}"},"query-input":{"@type":"PropertyValueSpecification","valueRequired":true,"valueName":"search_term_string"}}],"inLanguage":"ca"},{"@type":"Organization","@id":"https:\/\/www.gdsystem.net\/ca\/#organization","name":"GDS General Family Documentation System","url":"https:\/\/www.gdsystem.net\/ca\/","logo":{"@type":"ImageObject","inLanguage":"ca","@id":"https:\/\/www.gdsystem.net\/ca\/#\/schema\/logo\/image\/","url":"https:\/\/www.gdsystem.net\/wp-content\/uploads\/2021\/11\/Logo_GDS_Transparente.png","contentUrl":"https:\/\/www.gdsystem.net\/wp-content\/uploads\/2021\/11\/Logo_GDS_Transparente.png","width":250,"height":162,"caption":"GDS General Family Documentation System"},"image":{"@id":"https:\/\/www.gdsystem.net\/ca\/#\/schema\/logo\/image\/"}}]}},"_links":{"self":[{"href":"https:\/\/www.gdsystem.net\/ca\/wp-json\/wp\/v2\/pages\/1422","targetHints":{"allow":["GET"]}}],"collection":[{"href":"https:\/\/www.gdsystem.net\/ca\/wp-json\/wp\/v2\/pages"}],"about":[{"href":"https:\/\/www.gdsystem.net\/ca\/wp-json\/wp\/v2\/types\/page"}],"author":[{"embeddable":true,"href":"https:\/\/www.gdsystem.net\/ca\/wp-json\/wp\/v2\/users\/1"}],"replies":[{"embeddable":true,"href":"https:\/\/www.gdsystem.net\/ca\/wp-json\/wp\/v2\/comments?post=1422"}],"version-history":[{"count":7,"href":"https:\/\/www.gdsystem.net\/ca\/wp-json\/wp\/v2\/pages\/1422\/revisions"}],"predecessor-version":[{"id":1702,"href":"https:\/\/www.gdsystem.net\/ca\/wp-json\/wp\/v2\/pages\/1422\/revisions\/1702"}],"wp:attachment":[{"href":"https:\/\/www.gdsystem.net\/ca\/wp-json\/wp\/v2\/media?parent=1422"}],"curies":[{"name":"wp","href":"https:\/\/api.w.org\/{rel}","templated":true}]}}