{"id":1414,"date":"2021-11-10T11:24:16","date_gmt":"2021-11-10T11:24:16","guid":{"rendered":"https:\/\/www.gdsystem.net\/contacte\/"},"modified":"2022-07-18T15:48:19","modified_gmt":"2022-07-18T15:48:19","slug":"contacte","status":"publish","type":"page","link":"https:\/\/www.gdsystem.net\/ca\/contacte\/","title":{"rendered":"Contacte"},"content":{"rendered":"\t\t<div data-elementor-type=\"wp-page\" data-elementor-id=\"1414\" class=\"elementor elementor-1414 elementor-22\" data-elementor-post-type=\"page\">\n\t\t\t\t\t\t<section class=\"elementor-section elementor-top-section elementor-element elementor-element-1bedf5f1 elementor-section-boxed elementor-section-height-default elementor-section-height-default\" data-id=\"1bedf5f1\" data-element_type=\"section\" data-settings=\"{&quot;background_background&quot;:&quot;classic&quot;}\">\n\t\t\t\t\t\t<div class=\"elementor-container elementor-column-gap-default\">\n\t\t\t\t\t<div class=\"elementor-column elementor-col-100 elementor-top-column elementor-element elementor-element-21c876cd\" data-id=\"21c876cd\" data-element_type=\"column\">\n\t\t\t<div class=\"elementor-widget-wrap elementor-element-populated\">\n\t\t\t\t\t\t<section class=\"elementor-section elementor-inner-section elementor-element elementor-element-1398dd1a elementor-section-boxed elementor-section-height-default elementor-section-height-default\" data-id=\"1398dd1a\" data-element_type=\"section\">\n\t\t\t\t\t\t<div class=\"elementor-container elementor-column-gap-default\">\n\t\t\t\t\t<div class=\"elementor-column elementor-col-100 elementor-inner-column elementor-element elementor-element-167dab70\" data-id=\"167dab70\" data-element_type=\"column\">\n\t\t\t<div class=\"elementor-widget-wrap elementor-element-populated\">\n\t\t\t\t\t\t<div class=\"elementor-element elementor-element-7c20fdff elementor-widget elementor-widget-text-editor\" data-id=\"7c20fdff\" data-element_type=\"widget\" data-widget_type=\"text-editor.default\">\n\t\t\t\t<div class=\"elementor-widget-container\">\n\t\t\t\t\t\t\t\t\t<p><span style=\"white-space: pre-wrap;\">Contacta amb nosaltres!<\/span><\/p>\t\t\t\t\t\t\t\t<\/div>\n\t\t\t\t<\/div>\n\t\t\t\t<div class=\"elementor-element elementor-element-48e3b1b9 elementor-widget elementor-widget-text-editor\" data-id=\"48e3b1b9\" data-element_type=\"widget\" data-widget_type=\"text-editor.default\">\n\t\t\t\t<div class=\"elementor-widget-container\">\n\t\t\t\t\t\t\t\t\t<p>GDS s&#8217;ha constru\u00eft a base d&#8217;escoltar atentament tots i cadascun dels usuaris que han desitjat criticar constructivament les diferents versions des del 1988. Les fallades detectades han estat ateses i, en la mesura de les nostres possibilitats, resoltes en un curt espai de temps.<\/p><p> <\/p><p>Les millores han estat aplicades en un percentatge molt alt quan ha estat possible i hem considerat que les mateixes enriquien encara m\u00e9s GDS. \u00c9s per aix\u00f2 que t&#8217;animem a que ens remetis qualsevol suggeriment. No en garantim la implementaci\u00f3, per\u00f2 sempre la considerarem i la prioritzarem dins del nostre pla de desenvolupament del producte.<\/p><p> <\/p><p>Si vols contactar amb nosaltres, si us plau, omple el seg\u00fcent formulari i ens posarem en contacte amb tu el m\u00e9s aviat possible.<\/p>\t\t\t\t\t\t\t\t<\/div>\n\t\t\t\t<\/div>\n\t\t\t\t\t<\/div>\n\t\t<\/div>\n\t\t\t\t\t<\/div>\n\t\t<\/section>\n\t\t\t\t\t<\/div>\n\t\t<\/div>\n\t\t\t\t\t<\/div>\n\t\t<\/section>\n\t\t\t\t<section class=\"elementor-section elementor-top-section elementor-element elementor-element-41a2c04 elementor-section-boxed elementor-section-height-default elementor-section-height-default\" data-id=\"41a2c04\" data-element_type=\"section\">\n\t\t\t\t\t\t<div class=\"elementor-container elementor-column-gap-default\">\n\t\t\t\t\t<div class=\"elementor-column elementor-col-100 elementor-top-column elementor-element elementor-element-cceb131\" data-id=\"cceb131\" data-element_type=\"column\">\n\t\t\t<div class=\"elementor-widget-wrap elementor-element-populated\">\n\t\t\t\t\t\t<div class=\"elementor-element elementor-element-7e7d29e elementor-button-align-stretch elementor-widget elementor-widget-form\" data-id=\"7e7d29e\" data-element_type=\"widget\" data-settings=\"{&quot;step_next_label&quot;:&quot;Seg\\u00fcent&quot;,&quot;step_previous_label&quot;:&quot;Anterior&quot;,&quot;button_width&quot;:&quot;100&quot;,&quot;step_type&quot;:&quot;number_text&quot;,&quot;step_icon_shape&quot;:&quot;circle&quot;}\" data-widget_type=\"form.default\">\n\t\t\t\t<div class=\"elementor-widget-container\">\n\t\t\t\t\t\t\t<form class=\"elementor-form\" method=\"post\" name=\"Nou Formulari\" aria-label=\"Nou Formulari\">\n\t\t\t<input type=\"hidden\" name=\"post_id\" value=\"1414\"\/>\n\t\t\t<input type=\"hidden\" name=\"form_id\" value=\"7e7d29e\"\/>\n\t\t\t<input type=\"hidden\" name=\"referer_title\" value=\"Contacte - GDS General Family Documentation System\" \/>\n\n\t\t\t\t\t\t\t<input type=\"hidden\" name=\"queried_id\" value=\"1414\"\/>\n\t\t\t\n\t\t\t<div class=\"elementor-form-fields-wrapper elementor-labels-above\">\n\t\t\t\t\t\t\t\t<div class=\"elementor-field-type-text elementor-field-group elementor-column elementor-field-group-name elementor-col-100\">\n\t\t\t\t\t\t\t\t\t\t\t\t<label for=\"form-field-name\" class=\"elementor-field-label\">\n\t\t\t\t\t\t\t\tNom\t\t\t\t\t\t\t<\/label>\n\t\t\t\t\t\t\t\t\t\t\t\t\t\t<input size=\"1\" type=\"text\" name=\"form_fields[name]\" id=\"form-field-name\" class=\"elementor-field elementor-size-md  elementor-field-textual\" placeholder=\"Nom\">\n\t\t\t\t\t\t\t\t\t\t\t<\/div>\n\t\t\t\t\t\t\t\t<div class=\"elementor-field-type-email elementor-field-group elementor-column elementor-field-group-email elementor-col-100 elementor-field-required\">\n\t\t\t\t\t\t\t\t\t\t\t\t<label for=\"form-field-email\" class=\"elementor-field-label\">\n\t\t\t\t\t\t\t\tEmail\t\t\t\t\t\t\t<\/label>\n\t\t\t\t\t\t\t\t\t\t\t\t\t\t<input size=\"1\" type=\"email\" name=\"form_fields[email]\" id=\"form-field-email\" class=\"elementor-field elementor-size-md  elementor-field-textual\" placeholder=\"Email\" required=\"required\">\n\t\t\t\t\t\t\t\t\t\t\t<\/div>\n\t\t\t\t\t\t\t\t<div class=\"elementor-field-type-textarea elementor-field-group elementor-column elementor-field-group-message elementor-col-100\">\n\t\t\t\t\t\t\t\t\t\t\t\t<label for=\"form-field-message\" class=\"elementor-field-label\">\n\t\t\t\t\t\t\t\tMissatge\t\t\t\t\t\t\t<\/label>\n\t\t\t\t\t\t<textarea class=\"elementor-field-textual elementor-field  elementor-size-md\" name=\"form_fields[message]\" id=\"form-field-message\" rows=\"4\" placeholder=\"Missatge\"><\/textarea>\t\t\t\t<\/div>\n\t\t\t\t\t\t\t\t<div class=\"elementor-field-group elementor-column elementor-field-type-submit elementor-col-100 e-form__buttons\">\n\t\t\t\t\t<button class=\"elementor-button elementor-size-sm\" type=\"submit\">\n\t\t\t\t\t\t<span class=\"elementor-button-content-wrapper\">\n\t\t\t\t\t\t\t\t\t\t\t\t\t\t\t\t\t\t\t\t\t\t<span class=\"elementor-button-text\">Enviar<\/span>\n\t\t\t\t\t\t\t\t\t\t\t\t\t<\/span>\n\t\t\t\t\t<\/button>\n\t\t\t\t<\/div>\n\t\t\t<\/div>\n\t\t<\/form>\n\t\t\t\t\t\t<\/div>\n\t\t\t\t<\/div>\n\t\t\t\t\t<\/div>\n\t\t<\/div>\n\t\t\t\t\t<\/div>\n\t\t<\/section>\n\t\t\t\t<section class=\"elementor-section elementor-top-section elementor-element elementor-element-413bcc18 elementor-section-boxed elementor-section-height-default elementor-section-height-default\" data-id=\"413bcc18\" data-element_type=\"section\" data-settings=\"{&quot;background_background&quot;:&quot;classic&quot;}\">\n\t\t\t\t\t\t<div class=\"elementor-container elementor-column-gap-default\">\n\t\t\t\t\t<div class=\"elementor-column elementor-col-25 elementor-top-column elementor-element elementor-element-5b961d1f\" data-id=\"5b961d1f\" data-element_type=\"column\">\n\t\t\t<div class=\"elementor-widget-wrap elementor-element-populated\">\n\t\t\t\t\t\t<div class=\"elementor-element elementor-element-5682aa9c elementor-widget elementor-widget-theme-site-logo elementor-widget-image\" data-id=\"5682aa9c\" data-element_type=\"widget\" data-widget_type=\"theme-site-logo.default\">\n\t\t\t\t<div class=\"elementor-widget-container\">\n\t\t\t\t\t\t\t\t\t\t\t<a href=\"https:\/\/www.gdsystem.net\/ca\/\">\n\t\t\t<img decoding=\"async\" width=\"250\" height=\"162\" src=\"https:\/\/www.gdsystem.net\/wp-content\/uploads\/2021\/11\/Logo_GDS_Transparente.png\" class=\"attachment-1536x1536 size-1536x1536 wp-image-864\" alt=\"\" style=\"width:100%;height:64.8%;max-width:250px\" \/>\t\t\t\t<\/a>\n\t\t\t\t\t\t\t\t\t\t\t<\/div>\n\t\t\t\t<\/div>\n\t\t\t\t\t<\/div>\n\t\t<\/div>\n\t\t\t\t<div class=\"elementor-column elementor-col-25 elementor-top-column elementor-element elementor-element-6aca05ff\" data-id=\"6aca05ff\" data-element_type=\"column\">\n\t\t\t<div class=\"elementor-widget-wrap\">\n\t\t\t\t\t\t\t<\/div>\n\t\t<\/div>\n\t\t\t\t<div class=\"elementor-column elementor-col-25 elementor-top-column elementor-element elementor-element-4c71bbda\" data-id=\"4c71bbda\" data-element_type=\"column\">\n\t\t\t<div class=\"elementor-widget-wrap\">\n\t\t\t\t\t\t\t<\/div>\n\t\t<\/div>\n\t\t\t\t<div class=\"elementor-column elementor-col-25 elementor-top-column elementor-element elementor-element-2f376133\" data-id=\"2f376133\" data-element_type=\"column\">\n\t\t\t<div class=\"elementor-widget-wrap elementor-element-populated\">\n\t\t\t\t\t\t<div class=\"elementor-element elementor-element-59c4e77c elementor-widget elementor-widget-heading\" data-id=\"59c4e77c\" data-element_type=\"widget\" data-widget_type=\"heading.default\">\n\t\t\t\t<div class=\"elementor-widget-container\">\n\t\t\t\t\t<h2 class=\"elementor-heading-title elementor-size-default\">GDS Systems<\/h2>\t\t\t\t<\/div>\n\t\t\t\t<\/div>\n\t\t\t\t<div class=\"elementor-element elementor-element-68d0d6f5 elementor-align-left elementor-icon-list--layout-traditional elementor-list-item-link-full_width elementor-widget elementor-widget-icon-list\" data-id=\"68d0d6f5\" data-element_type=\"widget\" data-widget_type=\"icon-list.default\">\n\t\t\t\t<div class=\"elementor-widget-container\">\n\t\t\t\t\t\t\t<ul class=\"elementor-icon-list-items\">\n\t\t\t\t\t\t\t<li class=\"elementor-icon-list-item\">\n\t\t\t\t\t\t\t\t\t\t\t<a href=\"https:\/\/www.gdsystem.net\/quienes-somos\/\">\n\n\t\t\t\t\t\t\t\t\t\t\t<span class=\"elementor-icon-list-text\">Qui Som<\/span>\n\t\t\t\t\t\t\t\t\t\t\t<\/a>\n\t\t\t\t\t\t\t\t\t<\/li>\n\t\t\t\t\t\t\t\t<li class=\"elementor-icon-list-item\">\n\t\t\t\t\t\t\t\t\t\t\t<a href=\"https:\/\/www.gdsystem.net\/descargas\/\">\n\n\t\t\t\t\t\t\t\t\t\t\t<span class=\"elementor-icon-list-text\">Desc\u00e0rregues<\/span>\n\t\t\t\t\t\t\t\t\t\t\t<\/a>\n\t\t\t\t\t\t\t\t\t<\/li>\n\t\t\t\t\t\t\t\t<li class=\"elementor-icon-list-item\">\n\t\t\t\t\t\t\t\t\t\t\t<a href=\"https:\/\/www.gdsystem.net\/ca\/comprar\/\">\n\n\t\t\t\t\t\t\t\t\t\t\t<span class=\"elementor-icon-list-text\">Comprar<\/span>\n\t\t\t\t\t\t\t\t\t\t\t<\/a>\n\t\t\t\t\t\t\t\t\t<\/li>\n\t\t\t\t\t\t\t\t<li class=\"elementor-icon-list-item\">\n\t\t\t\t\t\t\t\t\t\t\t<a href=\"https:\/\/www.gdsystem.net\/novedades\/\">\n\n\t\t\t\t\t\t\t\t\t\t\t\t<span class=\"elementor-icon-list-icon\">\n\t\t\t\t\t\t\t<i aria-hidden=\"true\" class=\"fas fa-check\"><\/i>\t\t\t\t\t\t<\/span>\n\t\t\t\t\t\t\t\t\t\t<span class=\"elementor-icon-list-text\">Novetats<\/span>\n\t\t\t\t\t\t\t\t\t\t\t<\/a>\n\t\t\t\t\t\t\t\t\t<\/li>\n\t\t\t\t\t\t\t\t<li class=\"elementor-icon-list-item\">\n\t\t\t\t\t\t\t\t\t\t\t<a href=\"https:\/\/www.gdsystem.net\/ca\/contacte\/\">\n\n\t\t\t\t\t\t\t\t\t\t\t<span class=\"elementor-icon-list-text\">Contacte<\/span>\n\t\t\t\t\t\t\t\t\t\t\t<\/a>\n\t\t\t\t\t\t\t\t\t<\/li>\n\t\t\t\t\t\t\t\t<li class=\"elementor-icon-list-item\">\n\t\t\t\t\t\t\t\t\t\t\t<a href=\"https:\/\/youtu.be\/GmlCDsnPrnU\">\n\n\t\t\t\t\t\t\t\t\t\t\t<span class=\"elementor-icon-list-text\">Canal Youtube<\/span>\n\t\t\t\t\t\t\t\t\t\t\t<\/a>\n\t\t\t\t\t\t\t\t\t<\/li>\n\t\t\t\t\t\t<\/ul>\n\t\t\t\t\t\t<\/div>\n\t\t\t\t<\/div>\n\t\t\t\t<div class=\"elementor-element elementor-element-5623954e e-grid-align-left e-grid-align-mobile-left elementor-shape-rounded elementor-grid-0 elementor-widget elementor-widget-social-icons\" data-id=\"5623954e\" data-element_type=\"widget\" data-widget_type=\"social-icons.default\">\n\t\t\t\t<div class=\"elementor-widget-container\">\n\t\t\t\t\t\t\t<div class=\"elementor-social-icons-wrapper elementor-grid\">\n\t\t\t\t\t\t\t<span class=\"elementor-grid-item\">\n\t\t\t\t\t<a class=\"elementor-icon elementor-social-icon elementor-social-icon-youtube elementor-repeater-item-dbaeb71\" href=\"https:\/\/youtu.be\/GmlCDsnPrnU\" target=\"_blank\">\n\t\t\t\t\t\t<span class=\"elementor-screen-only\">Youtube<\/span>\n\t\t\t\t\t\t<i aria-hidden=\"true\" class=\"fab fa-youtube\"><\/i>\t\t\t\t\t<\/a>\n\t\t\t\t<\/span>\n\t\t\t\t\t<\/div>\n\t\t\t\t\t\t<\/div>\n\t\t\t\t<\/div>\n\t\t\t\t\t<\/div>\n\t\t<\/div>\n\t\t\t\t\t<\/div>\n\t\t<\/section>\n\t\t\t\t<\/div>\n\t\t","protected":false},"excerpt":{"rendered":"<p>Contacta amb nosaltres! GDS s&#8217;ha constru\u00eft a base d&#8217;escoltar atentament tots i cadascun dels usuaris que han desitjat criticar constructivament les diferents versions des del 1988. Les fallades detectades han estat ateses i, en la mesura de les nostres possibilitats, resoltes en un curt espai de temps. Les millores han estat aplicades en un percentatge&hellip; <a class=\"more-link\" href=\"https:\/\/www.gdsystem.net\/ca\/contacte\/\">Continueu llegint <span class=\"screen-reader-text\">Contacte<\/span><\/a><\/p>\n","protected":false},"author":1,"featured_media":0,"parent":0,"menu_order":0,"comment_status":"closed","ping_status":"closed","template":"elementor_header_footer","meta":{"footnotes":""},"class_list":["post-1414","page","type-page","status-publish","hentry","entry"],"yoast_head":"<!-- This site is optimized with the Yoast SEO plugin v26.6 - https:\/\/yoast.com\/wordpress\/plugins\/seo\/ -->\n<title>Contacte - GDS General Family Documentation System<\/title>\n<meta name=\"robots\" content=\"index, follow, max-snippet:-1, max-image-preview:large, max-video-preview:-1\" \/>\n<link rel=\"canonical\" href=\"https:\/\/www.gdsystem.net\/ca\/contacte\/\" \/>\n<meta property=\"og:locale\" content=\"ca_ES\" \/>\n<meta property=\"og:type\" content=\"article\" \/>\n<meta property=\"og:title\" content=\"Contacte - GDS General Family Documentation System\" \/>\n<meta property=\"og:description\" content=\"Contacta amb nosaltres! GDS s&#8217;ha constru\u00eft a base d&#8217;escoltar atentament tots i cadascun dels usuaris que han desitjat criticar constructivament les diferents versions des del 1988. Les fallades detectades han estat ateses i, en la mesura de les nostres possibilitats, resoltes en un curt espai de temps. Les millores han estat aplicades en un percentatge&hellip; Continueu llegint Contacte\" \/>\n<meta property=\"og:url\" content=\"https:\/\/www.gdsystem.net\/ca\/contacte\/\" \/>\n<meta property=\"og:site_name\" content=\"GDS General Family Documentation System\" \/>\n<meta property=\"article:modified_time\" content=\"2022-07-18T15:48:19+00:00\" \/>\n<meta name=\"twitter:card\" content=\"summary_large_image\" \/>\n<meta name=\"twitter:label1\" content=\"Temps estimat de lectura\" \/>\n\t<meta name=\"twitter:data1\" content=\"1 minut\" \/>\n<script type=\"application\/ld+json\" class=\"yoast-schema-graph\">{\"@context\":\"https:\/\/schema.org\",\"@graph\":[{\"@type\":\"WebPage\",\"@id\":\"https:\/\/www.gdsystem.net\/ca\/contacte\/\",\"url\":\"https:\/\/www.gdsystem.net\/ca\/contacte\/\",\"name\":\"Contacte - GDS General Family Documentation System\",\"isPartOf\":{\"@id\":\"https:\/\/www.gdsystem.net\/ca\/#website\"},\"datePublished\":\"2021-11-10T11:24:16+00:00\",\"dateModified\":\"2022-07-18T15:48:19+00:00\",\"breadcrumb\":{\"@id\":\"https:\/\/www.gdsystem.net\/ca\/contacte\/#breadcrumb\"},\"inLanguage\":\"ca\",\"potentialAction\":[{\"@type\":\"ReadAction\",\"target\":[\"https:\/\/www.gdsystem.net\/ca\/contacte\/\"]}]},{\"@type\":\"BreadcrumbList\",\"@id\":\"https:\/\/www.gdsystem.net\/ca\/contacte\/#breadcrumb\",\"itemListElement\":[{\"@type\":\"ListItem\",\"position\":1,\"name\":\"Home\",\"item\":\"https:\/\/www.gdsystem.net\/ca\/inici\/\"},{\"@type\":\"ListItem\",\"position\":2,\"name\":\"Contacte\"}]},{\"@type\":\"WebSite\",\"@id\":\"https:\/\/www.gdsystem.net\/ca\/#website\",\"url\":\"https:\/\/www.gdsystem.net\/ca\/\",\"name\":\"GDS General Family Documentation System\",\"description\":\"\",\"publisher\":{\"@id\":\"https:\/\/www.gdsystem.net\/ca\/#organization\"},\"potentialAction\":[{\"@type\":\"SearchAction\",\"target\":{\"@type\":\"EntryPoint\",\"urlTemplate\":\"https:\/\/www.gdsystem.net\/ca\/?s={search_term_string}\"},\"query-input\":{\"@type\":\"PropertyValueSpecification\",\"valueRequired\":true,\"valueName\":\"search_term_string\"}}],\"inLanguage\":\"ca\"},{\"@type\":\"Organization\",\"@id\":\"https:\/\/www.gdsystem.net\/ca\/#organization\",\"name\":\"GDS General Family Documentation System\",\"url\":\"https:\/\/www.gdsystem.net\/ca\/\",\"logo\":{\"@type\":\"ImageObject\",\"inLanguage\":\"ca\",\"@id\":\"https:\/\/www.gdsystem.net\/ca\/#\/schema\/logo\/image\/\",\"url\":\"https:\/\/www.gdsystem.net\/wp-content\/uploads\/2021\/11\/Logo_GDS_Transparente.png\",\"contentUrl\":\"https:\/\/www.gdsystem.net\/wp-content\/uploads\/2021\/11\/Logo_GDS_Transparente.png\",\"width\":250,\"height\":162,\"caption\":\"GDS General Family Documentation System\"},\"image\":{\"@id\":\"https:\/\/www.gdsystem.net\/ca\/#\/schema\/logo\/image\/\"}}]}<\/script>\n<!-- \/ Yoast SEO plugin. -->","yoast_head_json":{"title":"Contacte - GDS General Family Documentation System","robots":{"index":"index","follow":"follow","max-snippet":"max-snippet:-1","max-image-preview":"max-image-preview:large","max-video-preview":"max-video-preview:-1"},"canonical":"https:\/\/www.gdsystem.net\/ca\/contacte\/","og_locale":"ca_ES","og_type":"article","og_title":"Contacte - GDS General Family Documentation System","og_description":"Contacta amb nosaltres! GDS s&#8217;ha constru\u00eft a base d&#8217;escoltar atentament tots i cadascun dels usuaris que han desitjat criticar constructivament les diferents versions des del 1988. Les fallades detectades han estat ateses i, en la mesura de les nostres possibilitats, resoltes en un curt espai de temps. Les millores han estat aplicades en un percentatge&hellip; Continueu llegint Contacte","og_url":"https:\/\/www.gdsystem.net\/ca\/contacte\/","og_site_name":"GDS General Family Documentation System","article_modified_time":"2022-07-18T15:48:19+00:00","twitter_card":"summary_large_image","twitter_misc":{"Temps estimat de lectura":"1 minut"},"schema":{"@context":"https:\/\/schema.org","@graph":[{"@type":"WebPage","@id":"https:\/\/www.gdsystem.net\/ca\/contacte\/","url":"https:\/\/www.gdsystem.net\/ca\/contacte\/","name":"Contacte - GDS General Family Documentation System","isPartOf":{"@id":"https:\/\/www.gdsystem.net\/ca\/#website"},"datePublished":"2021-11-10T11:24:16+00:00","dateModified":"2022-07-18T15:48:19+00:00","breadcrumb":{"@id":"https:\/\/www.gdsystem.net\/ca\/contacte\/#breadcrumb"},"inLanguage":"ca","potentialAction":[{"@type":"ReadAction","target":["https:\/\/www.gdsystem.net\/ca\/contacte\/"]}]},{"@type":"BreadcrumbList","@id":"https:\/\/www.gdsystem.net\/ca\/contacte\/#breadcrumb","itemListElement":[{"@type":"ListItem","position":1,"name":"Home","item":"https:\/\/www.gdsystem.net\/ca\/inici\/"},{"@type":"ListItem","position":2,"name":"Contacte"}]},{"@type":"WebSite","@id":"https:\/\/www.gdsystem.net\/ca\/#website","url":"https:\/\/www.gdsystem.net\/ca\/","name":"GDS General Family Documentation System","description":"","publisher":{"@id":"https:\/\/www.gdsystem.net\/ca\/#organization"},"potentialAction":[{"@type":"SearchAction","target":{"@type":"EntryPoint","urlTemplate":"https:\/\/www.gdsystem.net\/ca\/?s={search_term_string}"},"query-input":{"@type":"PropertyValueSpecification","valueRequired":true,"valueName":"search_term_string"}}],"inLanguage":"ca"},{"@type":"Organization","@id":"https:\/\/www.gdsystem.net\/ca\/#organization","name":"GDS General Family Documentation System","url":"https:\/\/www.gdsystem.net\/ca\/","logo":{"@type":"ImageObject","inLanguage":"ca","@id":"https:\/\/www.gdsystem.net\/ca\/#\/schema\/logo\/image\/","url":"https:\/\/www.gdsystem.net\/wp-content\/uploads\/2021\/11\/Logo_GDS_Transparente.png","contentUrl":"https:\/\/www.gdsystem.net\/wp-content\/uploads\/2021\/11\/Logo_GDS_Transparente.png","width":250,"height":162,"caption":"GDS General Family Documentation System"},"image":{"@id":"https:\/\/www.gdsystem.net\/ca\/#\/schema\/logo\/image\/"}}]}},"_links":{"self":[{"href":"https:\/\/www.gdsystem.net\/ca\/wp-json\/wp\/v2\/pages\/1414","targetHints":{"allow":["GET"]}}],"collection":[{"href":"https:\/\/www.gdsystem.net\/ca\/wp-json\/wp\/v2\/pages"}],"about":[{"href":"https:\/\/www.gdsystem.net\/ca\/wp-json\/wp\/v2\/types\/page"}],"author":[{"embeddable":true,"href":"https:\/\/www.gdsystem.net\/ca\/wp-json\/wp\/v2\/users\/1"}],"replies":[{"embeddable":true,"href":"https:\/\/www.gdsystem.net\/ca\/wp-json\/wp\/v2\/comments?post=1414"}],"version-history":[{"count":3,"href":"https:\/\/www.gdsystem.net\/ca\/wp-json\/wp\/v2\/pages\/1414\/revisions"}],"predecessor-version":[{"id":1417,"href":"https:\/\/www.gdsystem.net\/ca\/wp-json\/wp\/v2\/pages\/1414\/revisions\/1417"}],"wp:attachment":[{"href":"https:\/\/www.gdsystem.net\/ca\/wp-json\/wp\/v2\/media?parent=1414"}],"curies":[{"name":"wp","href":"https:\/\/api.w.org\/{rel}","templated":true}]}}